{"id":90,"date":"2017-09-30T16:12:59","date_gmt":"2017-09-30T16:12:59","guid":{"rendered":"http:\/\/104.155.73.216\/?page_id=90"},"modified":"2025-05-07T14:05:50","modified_gmt":"2025-05-07T12:05:50","slug":"unser-kindergarten","status":"publish","type":"page","link":"https:\/\/montessori-integration-kiga.de\/index.php\/unser-kindergarten\/","title":{"rendered":"Unser Kindergarten"},"content":{"rendered":"<p>Der Kindergarten befindet sich in einer alten Stadtvilla, in einem denkmalgesch\u00fctzten Haus, das von einem gro\u00dfen sch\u00f6nen Garten umgeben ist. In unserem Haus befinden sich drei Gruppen mit jeweils 20 Kindern, davon bis zu zwei Kindern mit F\u00f6rderbedarf \u00a7\u00a753\/54 SHG.<\/p>\n<p><strong><br \/>\nTr\u00e4ger<\/strong><\/p>\n<p>Tr\u00e4ger des Kindergartens ist der Verein: Wiehremer Kindergarten e.V..<\/p>\n<p>Der Kindergarten ist aus der Christusgemeinde entstanden und ist daher der Diakonie als Dachverband unterstellt. Der Tr\u00e4gerverein ist Mitglied bei der AMI (Association Montessori International), dem Montessori Landesverband und dem Montessori Verein Baden-W\u00fcrttemberg.(<a href=\"http:\/\/montessori-integration-kiga.de\/index.php\/kontakt\">Kontakt<\/a>)<\/p>\n<p><strong><br \/>\n\u00d6ffnungszeiten\/ Gruppen<\/strong><\/p>\n<p>Unsere \u00d6ffnungszeiten sind f\u00fcr alle Kinder von Montag bis Freitag 7:30 \u2013 14:30 Uhr.<\/p>\n<p>Die Kinder haben die M\u00f6glichkeit um 12.30- 13.00 Uhr abgeholt zu werden oder sie bleiben bis 14.30 Uhr (Abholzeit ab 14.00Uhr).<\/p>\n<p>Wir bieten kein warmes Mittagessen an, sondern die Eltern bringen f\u00fcr die Zeit bis 14.30 zus\u00e4tzlich einen Mahlzeit mit(kalt oder warm im Thermobeh\u00e4lter).<\/p>\n<p>Der Kindergartenbeitrag orientiert sich an den Beitr\u00e4gen der Stadt Freiburg.<strong><br \/>\n<\/strong><\/p>\n<p>Unsere Schlie\u00dftage orientieren sich ebenfalls an der Vorgabe der Stadt Freiburg.<\/p>\n<p><strong><img loading=\"lazy\" class=\"wp-image-1047 alignnone\" src=\"http:\/\/montessori-integration-kiga.de\/wp-content\/uploads\/2021\/01\/P1120061b-200x300.jpg\" alt=\"\" width=\"235\" height=\"353\" srcset=\"https:\/\/montessori-integration-kiga.de\/wp-content\/uploads\/2021\/01\/P1120061b-200x300.jpg 200w, https:\/\/montessori-integration-kiga.de\/wp-content\/uploads\/2021\/01\/P1120061b-683x1024.jpg 683w, https:\/\/montessori-integration-kiga.de\/wp-content\/uploads\/2021\/01\/P1120061b-768x1152.jpg 768w, https:\/\/montessori-integration-kiga.de\/wp-content\/uploads\/2021\/01\/P1120061b-1024x1536.jpg 1024w, https:\/\/montessori-integration-kiga.de\/wp-content\/uploads\/2021\/01\/P1120061b-1365x2048.jpg 1365w, https:\/\/montessori-integration-kiga.de\/wp-content\/uploads\/2021\/01\/P1120061b-scaled.jpg 1707w\" sizes=\"(max-width: 235px) 100vw, 235px\" \/><img loading=\"lazy\" class=\"wp-image-1042 alignright\" src=\"http:\/\/montessori-integration-kiga.de\/wp-content\/uploads\/2021\/01\/P1120043-200x300.jpg\" alt=\"\" width=\"234\" height=\"351\" srcset=\"https:\/\/montessori-integration-kiga.de\/wp-content\/uploads\/2021\/01\/P1120043-200x300.jpg 200w, https:\/\/montessori-integration-kiga.de\/wp-content\/uploads\/2021\/01\/P1120043-683x1024.jpg 683w, https:\/\/montessori-integration-kiga.de\/wp-content\/uploads\/2021\/01\/P1120043-768x1152.jpg 768w, https:\/\/montessori-integration-kiga.de\/wp-content\/uploads\/2021\/01\/P1120043-1024x1536.jpg 1024w, https:\/\/montessori-integration-kiga.de\/wp-content\/uploads\/2021\/01\/P1120043-1365x2048.jpg 1365w, https:\/\/montessori-integration-kiga.de\/wp-content\/uploads\/2021\/01\/P1120043-scaled.jpg 1706w\" sizes=\"(max-width: 234px) 100vw, 234px\" \/><br \/>\nTagesablauf<\/strong><\/p>\n<p>Der Tag beginnt f\u00fcr die Kinder in ihrer Gruppe mit der Freiarbeit. In unserem Haus sprechen wir bewusst von der Freiarbeit, da Maria Montessori aus Wertsch\u00e4tzung dem Kinde gegen\u00fcber das Wort der Freiarbeit gew\u00e4hlt hat. Dies kann jedoch als Synonym f\u00fcr die Freispielphase betrachtet werden. In der Freiarbeit w\u00e4hlt sich jedes Kind selbstbestimmt ein Material aus den verschiedenen Bereichen<\/p>\n<ul>\n<li>Mathematik<\/li>\n<li>Sprache<\/li>\n<li>\u00dcbungen des t\u00e4glichen Lebens<\/li>\n<li>Kosmische Erziehung<\/li>\n<li>Kreativit\u00e4t<\/li>\n<li>Bauen<\/li>\n<li>Und vieles mehr!<\/li>\n<\/ul>\n<p>aus. Dabei wird das Kind von der p\u00e4dagogischen Fachkraft begleitet und gezielt beobachtet. W\u00e4hrend der Freiarbeit hat das Kind die M\u00f6glichkeit, zu einem selbstgew\u00e4hlten Zeitpunkt am Esstisch zu fr\u00fchst\u00fccken. An manchen Tagen findet ein gemeinsames Fr\u00fchst\u00fcck statt.<\/p>\n<p>Einmal in der Woche machen wir einen Ausflug in den Wald. Jede Gruppe hat ihren vorgesehenen Tag.&nbsp;An verschiedenen Tagen finden gruppen\u00fcbergreifende Angebote statt. Regelm\u00e4\u00dfig treffen wir uns zu einem gemeinsam Singen mit Kindern, Eltern und p\u00e4dagogischen Fachkr\u00e4ften.<\/p>\n<p><strong><br \/>\nVernetzung<\/strong><\/p>\n<p>Die Einrichtung kooperiert mit zwei Grundschulen des Stadtteils &#8211; der Maria Montessori Schule und der Lorettoschule. Mit diesen verbindet uns eine langj\u00e4hrige und intensive Zusammenarbeit. Wir stehen in engem Kontakt mit verschiedenen Therapeut:innen, wie z.B. Logop\u00e4d:innen, Ergotherapeut:innen, \u00c4rztinnen\/\u00c4rzte oder Psycholog:innen. Au\u00dferdem arbeiten wir mit dem Jugend- und Sozialamt und dem Sonderp\u00e4dagogischen Dienst zusammen. Es besteht Zusammenarbeit mit Schulen, Fachschulen und p\u00e4dagogischen Hochschulen. Ebenfalls stehen wir als Hospitationsst\u00e4tte f\u00fcr Lehrg\u00e4nge des Montessori- Diploms zur Verf\u00fcgung. Durch die Angliederung an die evangelische Kirche stehen wir in Kontakt mit der Christusgemeinde.<\/p>\n","protected":false},"excerpt":{"rendered":"<p>Der Kindergarten befindet sich in einer alten Stadtvilla, in einem denkmalgesch\u00fctzten Haus, das von einem gro\u00dfen sch\u00f6nen Garten umgeben ist. In unserem Haus befinden sich drei Gruppen mit jeweils 20 Kindern, davon bis zu zwei Kindern mit F\u00f6rderbedarf \u00a7\u00a753\/54 SHG. Tr\u00e4ger Tr\u00e4ger des Kindergartens ist der Verein: Wiehremer Kindergarten e.V.. Der Kindergarten ist aus der &hellip; <\/p>\n<p class=\"link-more\"><a href=\"https:\/\/montessori-integration-kiga.de\/index.php\/unser-kindergarten\/\" class=\"more-link\"><span class=\"screen-reader-text\">\u201eUnser Kindergarten\u201c<\/span> weiterlesen<\/a><\/p>\n","protected":false},"author":1,"featured_media":1473,"parent":0,"menu_order":0,"comment_status":"closed","ping_status":"closed","template":"","meta":[],"aioseo_notices":[],"yoast_head":"<!-- This site is optimized with the Yoast SEO plugin v19.11 - https:\/\/yoast.com\/wordpress\/plugins\/seo\/ -->\n<title>Unser Kindergarten - Wiehremer Montessori Kindergarten<\/title>\n<meta name=\"robots\" content=\"index, follow, max-snippet:-1, max-image-preview:large, max-video-preview:-1\" \/>\n<link rel=\"canonical\" href=\"https:\/\/montessori-integration-kiga.de\/index.php\/unser-kindergarten\/\" \/>\n<meta property=\"og:locale\" content=\"de_DE\" \/>\n<meta property=\"og:type\" content=\"article\" \/>\n<meta property=\"og:title\" content=\"Unser Kindergarten - Wiehremer Montessori Kindergarten\" \/>\n<meta property=\"og:description\" content=\"Der Kindergarten befindet sich in einer alten Stadtvilla, in einem denkmalgesch\u00fctzten Haus, das von einem gro\u00dfen sch\u00f6nen Garten umgeben ist. In unserem Haus befinden sich drei Gruppen mit jeweils 20 Kindern, davon bis zu zwei Kindern mit F\u00f6rderbedarf \u00a7\u00a753\/54 SHG. Tr\u00e4ger Tr\u00e4ger des Kindergartens ist der Verein: Wiehremer Kindergarten e.V.. Der Kindergarten ist aus der &hellip; \u201eUnser Kindergarten\u201c weiterlesen\" \/>\n<meta property=\"og:url\" content=\"https:\/\/montessori-integration-kiga.de\/index.php\/unser-kindergarten\/\" \/>\n<meta property=\"og:site_name\" content=\"Wiehremer Montessori Kindergarten\" \/>\n<meta property=\"article:modified_time\" content=\"2025-05-07T12:05:50+00:00\" \/>\n<meta property=\"og:image\" content=\"https:\/\/montessori-integration-kiga.de\/wp-content\/uploads\/2025\/05\/P1390521-scaled.jpg\" \/>\n\t<meta property=\"og:image:width\" content=\"2560\" \/>\n\t<meta property=\"og:image:height\" content=\"1707\" \/>\n\t<meta property=\"og:image:type\" content=\"image\/jpeg\" \/>\n<meta name=\"twitter:card\" content=\"summary_large_image\" \/>\n<meta name=\"twitter:label1\" content=\"Gesch\u00e4tzte Lesezeit\" \/>\n\t<meta name=\"twitter:data1\" content=\"3\u00a0Minuten\" \/>\n<script type=\"application\/ld+json\" class=\"yoast-schema-graph\">{\"@context\":\"https:\/\/schema.org\",\"@graph\":[{\"@type\":\"WebPage\",\"@id\":\"https:\/\/montessori-integration-kiga.de\/index.php\/unser-kindergarten\/\",\"url\":\"https:\/\/montessori-integration-kiga.de\/index.php\/unser-kindergarten\/\",\"name\":\"Unser Kindergarten - Wiehremer Montessori Kindergarten\",\"isPartOf\":{\"@id\":\"https:\/\/montessori-integration-kiga.de\/#website\"},\"datePublished\":\"2017-09-30T16:12:59+00:00\",\"dateModified\":\"2025-05-07T12:05:50+00:00\",\"breadcrumb\":{\"@id\":\"https:\/\/montessori-integration-kiga.de\/index.php\/unser-kindergarten\/#breadcrumb\"},\"inLanguage\":\"de\",\"potentialAction\":[{\"@type\":\"ReadAction\",\"target\":[\"https:\/\/montessori-integration-kiga.de\/index.php\/unser-kindergarten\/\"]}]},{\"@type\":\"BreadcrumbList\",\"@id\":\"https:\/\/montessori-integration-kiga.de\/index.php\/unser-kindergarten\/#breadcrumb\",\"itemListElement\":[{\"@type\":\"ListItem\",\"position\":1,\"name\":\"Startseite\",\"item\":\"https:\/\/montessori-integration-kiga.de\/\"},{\"@type\":\"ListItem\",\"position\":2,\"name\":\"Unser Kindergarten\"}]},{\"@type\":\"WebSite\",\"@id\":\"https:\/\/montessori-integration-kiga.de\/#website\",\"url\":\"https:\/\/montessori-integration-kiga.de\/\",\"name\":\"Wiehremer Montessori Kindergarten\",\"description\":\"Beethovenstrasse 8, 79100 Freiburg im Breisgau\",\"potentialAction\":[{\"@type\":\"SearchAction\",\"target\":{\"@type\":\"EntryPoint\",\"urlTemplate\":\"https:\/\/montessori-integration-kiga.de\/?s={search_term_string}\"},\"query-input\":\"required name=search_term_string\"}],\"inLanguage\":\"de\"}]}<\/script>\n<!-- \/ Yoast SEO plugin. -->","yoast_head_json":{"title":"Unser Kindergarten - Wiehremer Montessori Kindergarten","robots":{"index":"index","follow":"follow","max-snippet":"max-snippet:-1","max-image-preview":"max-image-preview:large","max-video-preview":"max-video-preview:-1"},"canonical":"https:\/\/montessori-integration-kiga.de\/index.php\/unser-kindergarten\/","og_locale":"de_DE","og_type":"article","og_title":"Unser Kindergarten - Wiehremer Montessori Kindergarten","og_description":"Der Kindergarten befindet sich in einer alten Stadtvilla, in einem denkmalgesch\u00fctzten Haus, das von einem gro\u00dfen sch\u00f6nen Garten umgeben ist. In unserem Haus befinden sich drei Gruppen mit jeweils 20 Kindern, davon bis zu zwei Kindern mit F\u00f6rderbedarf \u00a7\u00a753\/54 SHG. Tr\u00e4ger Tr\u00e4ger des Kindergartens ist der Verein: Wiehremer Kindergarten e.V.. Der Kindergarten ist aus der &hellip; \u201eUnser Kindergarten\u201c weiterlesen","og_url":"https:\/\/montessori-integration-kiga.de\/index.php\/unser-kindergarten\/","og_site_name":"Wiehremer Montessori Kindergarten","article_modified_time":"2025-05-07T12:05:50+00:00","og_image":[{"width":2560,"height":1707,"url":"https:\/\/montessori-integration-kiga.de\/wp-content\/uploads\/2025\/05\/P1390521-scaled.jpg","type":"image\/jpeg"}],"twitter_card":"summary_large_image","twitter_misc":{"Gesch\u00e4tzte Lesezeit":"3\u00a0Minuten"},"schema":{"@context":"https:\/\/schema.org","@graph":[{"@type":"WebPage","@id":"https:\/\/montessori-integration-kiga.de\/index.php\/unser-kindergarten\/","url":"https:\/\/montessori-integration-kiga.de\/index.php\/unser-kindergarten\/","name":"Unser Kindergarten - Wiehremer Montessori Kindergarten","isPartOf":{"@id":"https:\/\/montessori-integration-kiga.de\/#website"},"datePublished":"2017-09-30T16:12:59+00:00","dateModified":"2025-05-07T12:05:50+00:00","breadcrumb":{"@id":"https:\/\/montessori-integration-kiga.de\/index.php\/unser-kindergarten\/#breadcrumb"},"inLanguage":"de","potentialAction":[{"@type":"ReadAction","target":["https:\/\/montessori-integration-kiga.de\/index.php\/unser-kindergarten\/"]}]},{"@type":"BreadcrumbList","@id":"https:\/\/montessori-integration-kiga.de\/index.php\/unser-kindergarten\/#breadcrumb","itemListElement":[{"@type":"ListItem","position":1,"name":"Startseite","item":"https:\/\/montessori-integration-kiga.de\/"},{"@type":"ListItem","position":2,"name":"Unser Kindergarten"}]},{"@type":"WebSite","@id":"https:\/\/montessori-integration-kiga.de\/#website","url":"https:\/\/montessori-integration-kiga.de\/","name":"Wiehremer Montessori Kindergarten","description":"Beethovenstrasse 8, 79100 Freiburg im Breisgau","potentialAction":[{"@type":"SearchAction","target":{"@type":"EntryPoint","urlTemplate":"https:\/\/montessori-integration-kiga.de\/?s={search_term_string}"},"query-input":"required name=search_term_string"}],"inLanguage":"de"}]}},"_links":{"self":[{"href":"https:\/\/montessori-integration-kiga.de\/index.php\/wp-json\/wp\/v2\/pages\/90"}],"collection":[{"href":"https:\/\/montessori-integration-kiga.de\/index.php\/wp-json\/wp\/v2\/pages"}],"about":[{"href":"https:\/\/montessori-integration-kiga.de\/index.php\/wp-json\/wp\/v2\/types\/page"}],"author":[{"embeddable":true,"href":"https:\/\/montessori-integration-kiga.de\/index.php\/wp-json\/wp\/v2\/users\/1"}],"replies":[{"embeddable":true,"href":"https:\/\/montessori-integration-kiga.de\/index.php\/wp-json\/wp\/v2\/comments?post=90"}],"version-history":[{"count":38,"href":"https:\/\/montessori-integration-kiga.de\/index.php\/wp-json\/wp\/v2\/pages\/90\/revisions"}],"predecessor-version":[{"id":1476,"href":"https:\/\/montessori-integration-kiga.de\/index.php\/wp-json\/wp\/v2\/pages\/90\/revisions\/1476"}],"wp:featuredmedia":[{"embeddable":true,"href":"https:\/\/montessori-integration-kiga.de\/index.php\/wp-json\/wp\/v2\/media\/1473"}],"wp:attachment":[{"href":"https:\/\/montessori-integration-kiga.de\/index.php\/wp-json\/wp\/v2\/media?parent=90"}],"curies":[{"name":"wp","href":"https:\/\/api.w.org\/{rel}","templated":true}]}}