{"id":404,"date":"2018-04-17T06:01:33","date_gmt":"2018-04-17T06:01:33","guid":{"rendered":"http:\/\/montessori-integration-kiga.de\/?page_id=404"},"modified":"2025-05-07T14:26:09","modified_gmt":"2025-05-07T12:26:09","slug":"raeumlichkeiten","status":"publish","type":"page","link":"https:\/\/montessori-integration-kiga.de\/index.php\/raeumlichkeiten\/","title":{"rendered":"R\u00e4umlichkeiten"},"content":{"rendered":"<h1>L\u00f6wenzahn-Gruppe<\/h1>\n\n\n<figure class=\"wp-block-image size-large\"><img loading=\"lazy\" width=\"1024\" height=\"683\" src=\"http:\/\/montessori-integration-kiga.de\/wp-content\/uploads\/2021\/01\/P1120173b-1024x683.jpg\" alt=\"\" class=\"wp-image-1083\" srcset=\"https:\/\/montessori-integration-kiga.de\/wp-content\/uploads\/2021\/01\/P1120173b-1024x683.jpg 1024w, https:\/\/montessori-integration-kiga.de\/wp-content\/uploads\/2021\/01\/P1120173b-300x200.jpg 300w, https:\/\/montessori-integration-kiga.de\/wp-content\/uploads\/2021\/01\/P1120173b-768x512.jpg 768w, https:\/\/montessori-integration-kiga.de\/wp-content\/uploads\/2021\/01\/P1120173b-1536x1024.jpg 1536w, https:\/\/montessori-integration-kiga.de\/wp-content\/uploads\/2021\/01\/P1120173b-2048x1366.jpg 2048w\" sizes=\"(max-width: 767px) 89vw, (max-width: 1000px) 54vw, (max-width: 1071px) 543px, 580px\" \/><\/figure>\n\n\n\n<figure class=\"wp-block-image size-large\"><img loading=\"lazy\" width=\"1024\" height=\"683\" src=\"http:\/\/montessori-integration-kiga.de\/wp-content\/uploads\/2021\/01\/P1120065b-1024x683.jpg\" alt=\"\" class=\"wp-image-1048\" srcset=\"https:\/\/montessori-integration-kiga.de\/wp-content\/uploads\/2021\/01\/P1120065b-1024x683.jpg 1024w, https:\/\/montessori-integration-kiga.de\/wp-content\/uploads\/2021\/01\/P1120065b-300x200.jpg 300w, https:\/\/montessori-integration-kiga.de\/wp-content\/uploads\/2021\/01\/P1120065b-768x512.jpg 768w, https:\/\/montessori-integration-kiga.de\/wp-content\/uploads\/2021\/01\/P1120065b-1536x1024.jpg 1536w, https:\/\/montessori-integration-kiga.de\/wp-content\/uploads\/2021\/01\/P1120065b-2048x1366.jpg 2048w\" sizes=\"(max-width: 767px) 89vw, (max-width: 1000px) 54vw, (max-width: 1071px) 543px, 580px\" \/><\/figure>\n\n\n\n<h1>Storchenschabel-Gruppe<\/h1>\n\n\n\n<figure class=\"wp-block-image size-large\"><img loading=\"lazy\" width=\"683\" height=\"1024\" src=\"http:\/\/montessori-integration-kiga.de\/wp-content\/uploads\/2025\/05\/P1390531-scaled-e1746619238980-683x1024.jpg\" alt=\"\" class=\"wp-image-1475\" srcset=\"https:\/\/montessori-integration-kiga.de\/wp-content\/uploads\/2025\/05\/P1390531-scaled-e1746619238980-683x1024.jpg 683w, https:\/\/montessori-integration-kiga.de\/wp-content\/uploads\/2025\/05\/P1390531-scaled-e1746619238980-200x300.jpg 200w, https:\/\/montessori-integration-kiga.de\/wp-content\/uploads\/2025\/05\/P1390531-scaled-e1746619238980-768x1152.jpg 768w, https:\/\/montessori-integration-kiga.de\/wp-content\/uploads\/2025\/05\/P1390531-scaled-e1746619238980-1024x1536.jpg 1024w, https:\/\/montessori-integration-kiga.de\/wp-content\/uploads\/2025\/05\/P1390531-scaled-e1746619238980-1365x2048.jpg 1365w, https:\/\/montessori-integration-kiga.de\/wp-content\/uploads\/2025\/05\/P1390531-scaled-e1746619238980.jpg 1500w\" sizes=\"(max-width: 683px) 100vw, 683px\" \/><\/figure>\n\n\n\n<figure class=\"wp-block-image size-large\"><img loading=\"lazy\" width=\"683\" height=\"1024\" src=\"https:\/\/montessori-integration-kiga.de\/wp-content\/uploads\/2025\/05\/P1390522-683x1024.jpg\" alt=\"\" class=\"wp-image-1482\" srcset=\"https:\/\/montessori-integration-kiga.de\/wp-content\/uploads\/2025\/05\/P1390522-683x1024.jpg 683w, https:\/\/montessori-integration-kiga.de\/wp-content\/uploads\/2025\/05\/P1390522-200x300.jpg 200w, https:\/\/montessori-integration-kiga.de\/wp-content\/uploads\/2025\/05\/P1390522-768x1152.jpg 768w, https:\/\/montessori-integration-kiga.de\/wp-content\/uploads\/2025\/05\/P1390522-1024x1536.jpg 1024w, https:\/\/montessori-integration-kiga.de\/wp-content\/uploads\/2025\/05\/P1390522-1365x2048.jpg 1365w, https:\/\/montessori-integration-kiga.de\/wp-content\/uploads\/2025\/05\/P1390522-scaled.jpg 1707w\" sizes=\"(max-width: 683px) 100vw, 683px\" \/><\/figure>\n\n\n\n<h1>Hahnenfu\u00df-Gruppe<\/h1>\n\n\n\n<figure class=\"wp-block-image size-large\"><img loading=\"lazy\" width=\"1024\" height=\"683\" src=\"https:\/\/montessori-integration-kiga.de\/wp-content\/uploads\/2025\/05\/P1390501-1024x683.jpg\" alt=\"\" class=\"wp-image-1480\" srcset=\"https:\/\/montessori-integration-kiga.de\/wp-content\/uploads\/2025\/05\/P1390501-1024x683.jpg 1024w, https:\/\/montessori-integration-kiga.de\/wp-content\/uploads\/2025\/05\/P1390501-300x200.jpg 300w, https:\/\/montessori-integration-kiga.de\/wp-content\/uploads\/2025\/05\/P1390501-768x512.jpg 768w, https:\/\/montessori-integration-kiga.de\/wp-content\/uploads\/2025\/05\/P1390501-1536x1024.jpg 1536w, https:\/\/montessori-integration-kiga.de\/wp-content\/uploads\/2025\/05\/P1390501-2048x1365.jpg 2048w\" sizes=\"(max-width: 767px) 89vw, (max-width: 1000px) 54vw, (max-width: 1071px) 543px, 580px\" \/><\/figure>\n\n\n\n<figure class=\"wp-block-image size-large\"><img loading=\"lazy\" width=\"1024\" height=\"683\" src=\"https:\/\/montessori-integration-kiga.de\/wp-content\/uploads\/2025\/05\/P1390504-1024x683.jpg\" alt=\"\" class=\"wp-image-1481\" srcset=\"https:\/\/montessori-integration-kiga.de\/wp-content\/uploads\/2025\/05\/P1390504-1024x683.jpg 1024w, https:\/\/montessori-integration-kiga.de\/wp-content\/uploads\/2025\/05\/P1390504-300x200.jpg 300w, https:\/\/montessori-integration-kiga.de\/wp-content\/uploads\/2025\/05\/P1390504-768x512.jpg 768w, https:\/\/montessori-integration-kiga.de\/wp-content\/uploads\/2025\/05\/P1390504-1536x1024.jpg 1536w, https:\/\/montessori-integration-kiga.de\/wp-content\/uploads\/2025\/05\/P1390504-2048x1365.jpg 2048w\" sizes=\"(max-width: 767px) 89vw, (max-width: 1000px) 54vw, (max-width: 1071px) 543px, 580px\" \/><\/figure>\n","protected":false},"excerpt":{"rendered":"<p>L\u00f6wenzahn-Gruppe Storchenschabel-Gruppe Hahnenfu\u00df-Gruppe<\/p>\n","protected":false},"author":3,"featured_media":1058,"parent":0,"menu_order":1,"comment_status":"closed","ping_status":"closed","template":"","meta":[],"aioseo_notices":[],"yoast_head":"<!-- This site is optimized with the Yoast SEO plugin v19.11 - https:\/\/yoast.com\/wordpress\/plugins\/seo\/ -->\n<title>R\u00e4umlichkeiten - Wiehremer Montessori Kindergarten<\/title>\n<meta name=\"robots\" content=\"index, follow, max-snippet:-1, max-image-preview:large, max-video-preview:-1\" \/>\n<link rel=\"canonical\" href=\"https:\/\/montessori-integration-kiga.de\/index.php\/raeumlichkeiten\/\" \/>\n<meta property=\"og:locale\" content=\"de_DE\" \/>\n<meta property=\"og:type\" content=\"article\" \/>\n<meta property=\"og:title\" content=\"R\u00e4umlichkeiten - Wiehremer Montessori Kindergarten\" \/>\n<meta property=\"og:description\" content=\"L\u00f6wenzahn-Gruppe Storchenschabel-Gruppe Hahnenfu\u00df-Gruppe\" \/>\n<meta property=\"og:url\" content=\"https:\/\/montessori-integration-kiga.de\/index.php\/raeumlichkeiten\/\" \/>\n<meta property=\"og:site_name\" content=\"Wiehremer Montessori Kindergarten\" \/>\n<meta property=\"article:modified_time\" content=\"2025-05-07T12:26:09+00:00\" \/>\n<meta property=\"og:image\" content=\"https:\/\/montessori-integration-kiga.de\/wp-content\/uploads\/2021\/01\/P1120122b-scaled.jpg\" \/>\n\t<meta property=\"og:image:width\" content=\"2560\" \/>\n\t<meta property=\"og:image:height\" content=\"1440\" \/>\n\t<meta property=\"og:image:type\" content=\"image\/jpeg\" \/>\n<meta name=\"twitter:card\" content=\"summary_large_image\" \/>\n<meta name=\"twitter:label1\" content=\"Gesch\u00e4tzte Lesezeit\" \/>\n\t<meta name=\"twitter:data1\" content=\"2\u00a0Minuten\" \/>\n<script type=\"application\/ld+json\" class=\"yoast-schema-graph\">{\"@context\":\"https:\/\/schema.org\",\"@graph\":[{\"@type\":\"WebPage\",\"@id\":\"https:\/\/montessori-integration-kiga.de\/index.php\/raeumlichkeiten\/\",\"url\":\"https:\/\/montessori-integration-kiga.de\/index.php\/raeumlichkeiten\/\",\"name\":\"R\u00e4umlichkeiten - Wiehremer Montessori Kindergarten\",\"isPartOf\":{\"@id\":\"https:\/\/montessori-integration-kiga.de\/#website\"},\"datePublished\":\"2018-04-17T06:01:33+00:00\",\"dateModified\":\"2025-05-07T12:26:09+00:00\",\"breadcrumb\":{\"@id\":\"https:\/\/montessori-integration-kiga.de\/index.php\/raeumlichkeiten\/#breadcrumb\"},\"inLanguage\":\"de\",\"potentialAction\":[{\"@type\":\"ReadAction\",\"target\":[\"https:\/\/montessori-integration-kiga.de\/index.php\/raeumlichkeiten\/\"]}]},{\"@type\":\"BreadcrumbList\",\"@id\":\"https:\/\/montessori-integration-kiga.de\/index.php\/raeumlichkeiten\/#breadcrumb\",\"itemListElement\":[{\"@type\":\"ListItem\",\"position\":1,\"name\":\"Startseite\",\"item\":\"https:\/\/montessori-integration-kiga.de\/\"},{\"@type\":\"ListItem\",\"position\":2,\"name\":\"R\u00e4umlichkeiten\"}]},{\"@type\":\"WebSite\",\"@id\":\"https:\/\/montessori-integration-kiga.de\/#website\",\"url\":\"https:\/\/montessori-integration-kiga.de\/\",\"name\":\"Wiehremer Montessori Kindergarten\",\"description\":\"Beethovenstrasse 8, 79100 Freiburg im Breisgau\",\"potentialAction\":[{\"@type\":\"SearchAction\",\"target\":{\"@type\":\"EntryPoint\",\"urlTemplate\":\"https:\/\/montessori-integration-kiga.de\/?s={search_term_string}\"},\"query-input\":\"required name=search_term_string\"}],\"inLanguage\":\"de\"}]}<\/script>\n<!-- \/ Yoast SEO plugin. -->","yoast_head_json":{"title":"R\u00e4umlichkeiten - Wiehremer Montessori Kindergarten","robots":{"index":"index","follow":"follow","max-snippet":"max-snippet:-1","max-image-preview":"max-image-preview:large","max-video-preview":"max-video-preview:-1"},"canonical":"https:\/\/montessori-integration-kiga.de\/index.php\/raeumlichkeiten\/","og_locale":"de_DE","og_type":"article","og_title":"R\u00e4umlichkeiten - Wiehremer Montessori Kindergarten","og_description":"L\u00f6wenzahn-Gruppe Storchenschabel-Gruppe Hahnenfu\u00df-Gruppe","og_url":"https:\/\/montessori-integration-kiga.de\/index.php\/raeumlichkeiten\/","og_site_name":"Wiehremer Montessori Kindergarten","article_modified_time":"2025-05-07T12:26:09+00:00","og_image":[{"width":2560,"height":1440,"url":"https:\/\/montessori-integration-kiga.de\/wp-content\/uploads\/2021\/01\/P1120122b-scaled.jpg","type":"image\/jpeg"}],"twitter_card":"summary_large_image","twitter_misc":{"Gesch\u00e4tzte Lesezeit":"2\u00a0Minuten"},"schema":{"@context":"https:\/\/schema.org","@graph":[{"@type":"WebPage","@id":"https:\/\/montessori-integration-kiga.de\/index.php\/raeumlichkeiten\/","url":"https:\/\/montessori-integration-kiga.de\/index.php\/raeumlichkeiten\/","name":"R\u00e4umlichkeiten - Wiehremer Montessori Kindergarten","isPartOf":{"@id":"https:\/\/montessori-integration-kiga.de\/#website"},"datePublished":"2018-04-17T06:01:33+00:00","dateModified":"2025-05-07T12:26:09+00:00","breadcrumb":{"@id":"https:\/\/montessori-integration-kiga.de\/index.php\/raeumlichkeiten\/#breadcrumb"},"inLanguage":"de","potentialAction":[{"@type":"ReadAction","target":["https:\/\/montessori-integration-kiga.de\/index.php\/raeumlichkeiten\/"]}]},{"@type":"BreadcrumbList","@id":"https:\/\/montessori-integration-kiga.de\/index.php\/raeumlichkeiten\/#breadcrumb","itemListElement":[{"@type":"ListItem","position":1,"name":"Startseite","item":"https:\/\/montessori-integration-kiga.de\/"},{"@type":"ListItem","position":2,"name":"R\u00e4umlichkeiten"}]},{"@type":"WebSite","@id":"https:\/\/montessori-integration-kiga.de\/#website","url":"https:\/\/montessori-integration-kiga.de\/","name":"Wiehremer Montessori Kindergarten","description":"Beethovenstrasse 8, 79100 Freiburg im Breisgau","potentialAction":[{"@type":"SearchAction","target":{"@type":"EntryPoint","urlTemplate":"https:\/\/montessori-integration-kiga.de\/?s={search_term_string}"},"query-input":"required name=search_term_string"}],"inLanguage":"de"}]}},"_links":{"self":[{"href":"https:\/\/montessori-integration-kiga.de\/index.php\/wp-json\/wp\/v2\/pages\/404"}],"collection":[{"href":"https:\/\/montessori-integration-kiga.de\/index.php\/wp-json\/wp\/v2\/pages"}],"about":[{"href":"https:\/\/montessori-integration-kiga.de\/index.php\/wp-json\/wp\/v2\/types\/page"}],"author":[{"embeddable":true,"href":"https:\/\/montessori-integration-kiga.de\/index.php\/wp-json\/wp\/v2\/users\/3"}],"replies":[{"embeddable":true,"href":"https:\/\/montessori-integration-kiga.de\/index.php\/wp-json\/wp\/v2\/comments?post=404"}],"version-history":[{"count":11,"href":"https:\/\/montessori-integration-kiga.de\/index.php\/wp-json\/wp\/v2\/pages\/404\/revisions"}],"predecessor-version":[{"id":1483,"href":"https:\/\/montessori-integration-kiga.de\/index.php\/wp-json\/wp\/v2\/pages\/404\/revisions\/1483"}],"wp:featuredmedia":[{"embeddable":true,"href":"https:\/\/montessori-integration-kiga.de\/index.php\/wp-json\/wp\/v2\/media\/1058"}],"wp:attachment":[{"href":"https:\/\/montessori-integration-kiga.de\/index.php\/wp-json\/wp\/v2\/media?parent=404"}],"curies":[{"name":"wp","href":"https:\/\/api.w.org\/{rel}","templated":true}]}}