{"id":20,"date":"2017-09-24T09:46:35","date_gmt":"2017-09-24T09:46:35","guid":{"rendered":"http:\/\/104.155.73.216\/?page_id=20"},"modified":"2021-01-25T13:18:09","modified_gmt":"2021-01-25T13:18:09","slug":"team","status":"publish","type":"page","link":"https:\/\/montessori-integration-kiga.de\/index.php\/team\/","title":{"rendered":"Das Team"},"content":{"rendered":"<p><strong>Wir sind ein multiprofessionelles Team, bestehend aus p\u00e4dagogischen Fachkr\u00e4ften mit vielf\u00e4ltigen Ausbildungen in diesem Berreich.<\/strong><\/p>\n<p>Momentan arbeiten bei uns 12 p\u00e4dagogische Fachkr\u00e4fte mit unterschiedlichem Besch\u00e4ftigungsumfang.<\/p>\n<p>Nahezu alle Mitarbeiter*innen verf\u00fcgen \u00fcber das Montessori-Diplom oder machen dieses.<\/p>\n<p>Wir respektieren und achten unsere Unterschiedlichkeit und sehen diese als Quelle und Bereicherung f\u00fcr ein lebendiges Miteinander in unserer p\u00e4dagogischen Arbeit.<\/p>\n<p><strong><br \/>Unsere Arbeit gestaltet sich auf vielf\u00e4ltige Weise:<\/strong><\/p>\n<ul>\n<li>Allmorgendlicher Austausch \u00fcber aktuelle Informationen, die f\u00fcr den Tag relevant sind.<\/li>\n<li>W\u00f6chentliche Teambesprechungen: Austausch \u00fcber p\u00e4dagogische Fragen, Vorbereitung von Festen, Besprechungen von Aktionen, Ausf\u00fchrungen von Fortbildungsveranstaltungen, Terminabsprachen, u.s.w.<\/li>\n<li>Gruppeninterne Besprechungen: Vor-und Nachbereitungen der Elterngespr\u00e4che, Kinderbesprechungen, Vorbereitungen f\u00fcr Gruppenaktivit\u00e4ten, u.s.w.<\/li>\n<li>Gruppen\u00fcbergreifendes Reflektieren der p\u00e4dagogischen Arbeit<\/li>\n<li>Einmal j\u00e4hrlich stattfindende Mitarbeitergespr\u00e4che mit Zielvereinbarungen zwischen Leitung und Mitarbeiter*in<\/li>\n<li>Regelm\u00e4\u00dfige Fort-und Weiterbildungen aller Teammitglieder<\/li>\n<li>Auseinandersetzung mit dem Index der Inklusion<\/li>\n<li>Supervisionen, geleitet von einer au\u00dfenstehenden Fachkraft<\/li>\n<li>Weiterentwicklung der Teamkultur<\/li>\n<\/ul>\n<p><strong><br \/>Weitere Aufgaben innerhalb der Verf\u00fcgungszeit sind:<\/strong><\/p>\n<ul>\n<li>Vorbereitete Umgebung gestalten<\/li>\n<li>Berichte erstellen<\/li>\n<li>Dokumentation<\/li>\n<li>Wochenr\u00fcckblick f\u00fcr die Eltern<\/li>\n<li>Beobachtungen schriftlich festhalten<\/li>\n<li>Elterngespr\u00e4che durchf\u00fchren<\/li>\n<li>Neue Mitarbeiter*innen einarbeiten<\/li>\n<li>Kooperation mit anderen Institutionen<\/li>\n<\/ul>\n\n\n<p><\/p>\n","protected":false},"excerpt":{"rendered":"<p>Wir sind ein multiprofessionelles Team, bestehend aus p\u00e4dagogischen Fachkr\u00e4ften mit vielf\u00e4ltigen Ausbildungen in diesem Berreich. Momentan arbeiten bei uns 12 p\u00e4dagogische Fachkr\u00e4fte mit unterschiedlichem Besch\u00e4ftigungsumfang. Nahezu alle Mitarbeiter*innen verf\u00fcgen \u00fcber das Montessori-Diplom oder machen dieses. Wir respektieren und achten unsere Unterschiedlichkeit und sehen diese als Quelle und Bereicherung f\u00fcr ein lebendiges Miteinander in unserer p\u00e4dagogischen &hellip; <\/p>\n<p class=\"link-more\"><a href=\"https:\/\/montessori-integration-kiga.de\/index.php\/team\/\" class=\"more-link\"><span class=\"screen-reader-text\">\u201eDas Team\u201c<\/span> weiterlesen<\/a><\/p>\n","protected":false},"author":1,"featured_media":1050,"parent":0,"menu_order":0,"comment_status":"closed","ping_status":"closed","template":"","meta":[],"aioseo_notices":[],"yoast_head":"<!-- This site is optimized with the Yoast SEO plugin v19.11 - https:\/\/yoast.com\/wordpress\/plugins\/seo\/ -->\n<title>Das Team - Wiehremer Montessori Kindergarten<\/title>\n<meta name=\"robots\" content=\"index, follow, max-snippet:-1, max-image-preview:large, max-video-preview:-1\" \/>\n<link rel=\"canonical\" href=\"https:\/\/montessori-integration-kiga.de\/index.php\/team\/\" \/>\n<meta property=\"og:locale\" content=\"de_DE\" \/>\n<meta property=\"og:type\" content=\"article\" \/>\n<meta property=\"og:title\" content=\"Das Team - Wiehremer Montessori Kindergarten\" \/>\n<meta property=\"og:description\" content=\"Wir sind ein multiprofessionelles Team, bestehend aus p\u00e4dagogischen Fachkr\u00e4ften mit vielf\u00e4ltigen Ausbildungen in diesem Berreich. Momentan arbeiten bei uns 12 p\u00e4dagogische Fachkr\u00e4fte mit unterschiedlichem Besch\u00e4ftigungsumfang. Nahezu alle Mitarbeiter*innen verf\u00fcgen \u00fcber das Montessori-Diplom oder machen dieses. Wir respektieren und achten unsere Unterschiedlichkeit und sehen diese als Quelle und Bereicherung f\u00fcr ein lebendiges Miteinander in unserer p\u00e4dagogischen &hellip; \u201eDas Team\u201c weiterlesen\" \/>\n<meta property=\"og:url\" content=\"https:\/\/montessori-integration-kiga.de\/index.php\/team\/\" \/>\n<meta property=\"og:site_name\" content=\"Wiehremer Montessori Kindergarten\" \/>\n<meta property=\"article:modified_time\" content=\"2021-01-25T13:18:09+00:00\" \/>\n<meta property=\"og:image\" content=\"https:\/\/montessori-integration-kiga.de\/wp-content\/uploads\/2021\/01\/P1120076b-scaled.jpg\" \/>\n\t<meta property=\"og:image:width\" content=\"2560\" \/>\n\t<meta property=\"og:image:height\" content=\"1440\" \/>\n\t<meta property=\"og:image:type\" content=\"image\/jpeg\" \/>\n<meta name=\"twitter:card\" content=\"summary_large_image\" \/>\n<meta name=\"twitter:label1\" content=\"Gesch\u00e4tzte Lesezeit\" \/>\n\t<meta name=\"twitter:data1\" content=\"1\u00a0Minute\" \/>\n<script type=\"application\/ld+json\" class=\"yoast-schema-graph\">{\"@context\":\"https:\/\/schema.org\",\"@graph\":[{\"@type\":\"WebPage\",\"@id\":\"https:\/\/montessori-integration-kiga.de\/index.php\/team\/\",\"url\":\"https:\/\/montessori-integration-kiga.de\/index.php\/team\/\",\"name\":\"Das Team - Wiehremer Montessori Kindergarten\",\"isPartOf\":{\"@id\":\"https:\/\/montessori-integration-kiga.de\/#website\"},\"datePublished\":\"2017-09-24T09:46:35+00:00\",\"dateModified\":\"2021-01-25T13:18:09+00:00\",\"breadcrumb\":{\"@id\":\"https:\/\/montessori-integration-kiga.de\/index.php\/team\/#breadcrumb\"},\"inLanguage\":\"de\",\"potentialAction\":[{\"@type\":\"ReadAction\",\"target\":[\"https:\/\/montessori-integration-kiga.de\/index.php\/team\/\"]}]},{\"@type\":\"BreadcrumbList\",\"@id\":\"https:\/\/montessori-integration-kiga.de\/index.php\/team\/#breadcrumb\",\"itemListElement\":[{\"@type\":\"ListItem\",\"position\":1,\"name\":\"Startseite\",\"item\":\"https:\/\/montessori-integration-kiga.de\/\"},{\"@type\":\"ListItem\",\"position\":2,\"name\":\"Das Team\"}]},{\"@type\":\"WebSite\",\"@id\":\"https:\/\/montessori-integration-kiga.de\/#website\",\"url\":\"https:\/\/montessori-integration-kiga.de\/\",\"name\":\"Wiehremer Montessori Kindergarten\",\"description\":\"Beethovenstrasse 8, 79100 Freiburg im Breisgau\",\"potentialAction\":[{\"@type\":\"SearchAction\",\"target\":{\"@type\":\"EntryPoint\",\"urlTemplate\":\"https:\/\/montessori-integration-kiga.de\/?s={search_term_string}\"},\"query-input\":\"required name=search_term_string\"}],\"inLanguage\":\"de\"}]}<\/script>\n<!-- \/ Yoast SEO plugin. -->","yoast_head_json":{"title":"Das Team - Wiehremer Montessori Kindergarten","robots":{"index":"index","follow":"follow","max-snippet":"max-snippet:-1","max-image-preview":"max-image-preview:large","max-video-preview":"max-video-preview:-1"},"canonical":"https:\/\/montessori-integration-kiga.de\/index.php\/team\/","og_locale":"de_DE","og_type":"article","og_title":"Das Team - Wiehremer Montessori Kindergarten","og_description":"Wir sind ein multiprofessionelles Team, bestehend aus p\u00e4dagogischen Fachkr\u00e4ften mit vielf\u00e4ltigen Ausbildungen in diesem Berreich. Momentan arbeiten bei uns 12 p\u00e4dagogische Fachkr\u00e4fte mit unterschiedlichem Besch\u00e4ftigungsumfang. Nahezu alle Mitarbeiter*innen verf\u00fcgen \u00fcber das Montessori-Diplom oder machen dieses. Wir respektieren und achten unsere Unterschiedlichkeit und sehen diese als Quelle und Bereicherung f\u00fcr ein lebendiges Miteinander in unserer p\u00e4dagogischen &hellip; \u201eDas Team\u201c weiterlesen","og_url":"https:\/\/montessori-integration-kiga.de\/index.php\/team\/","og_site_name":"Wiehremer Montessori Kindergarten","article_modified_time":"2021-01-25T13:18:09+00:00","og_image":[{"width":2560,"height":1440,"url":"https:\/\/montessori-integration-kiga.de\/wp-content\/uploads\/2021\/01\/P1120076b-scaled.jpg","type":"image\/jpeg"}],"twitter_card":"summary_large_image","twitter_misc":{"Gesch\u00e4tzte Lesezeit":"1\u00a0Minute"},"schema":{"@context":"https:\/\/schema.org","@graph":[{"@type":"WebPage","@id":"https:\/\/montessori-integration-kiga.de\/index.php\/team\/","url":"https:\/\/montessori-integration-kiga.de\/index.php\/team\/","name":"Das Team - Wiehremer Montessori Kindergarten","isPartOf":{"@id":"https:\/\/montessori-integration-kiga.de\/#website"},"datePublished":"2017-09-24T09:46:35+00:00","dateModified":"2021-01-25T13:18:09+00:00","breadcrumb":{"@id":"https:\/\/montessori-integration-kiga.de\/index.php\/team\/#breadcrumb"},"inLanguage":"de","potentialAction":[{"@type":"ReadAction","target":["https:\/\/montessori-integration-kiga.de\/index.php\/team\/"]}]},{"@type":"BreadcrumbList","@id":"https:\/\/montessori-integration-kiga.de\/index.php\/team\/#breadcrumb","itemListElement":[{"@type":"ListItem","position":1,"name":"Startseite","item":"https:\/\/montessori-integration-kiga.de\/"},{"@type":"ListItem","position":2,"name":"Das Team"}]},{"@type":"WebSite","@id":"https:\/\/montessori-integration-kiga.de\/#website","url":"https:\/\/montessori-integration-kiga.de\/","name":"Wiehremer Montessori Kindergarten","description":"Beethovenstrasse 8, 79100 Freiburg im Breisgau","potentialAction":[{"@type":"SearchAction","target":{"@type":"EntryPoint","urlTemplate":"https:\/\/montessori-integration-kiga.de\/?s={search_term_string}"},"query-input":"required name=search_term_string"}],"inLanguage":"de"}]}},"_links":{"self":[{"href":"https:\/\/montessori-integration-kiga.de\/index.php\/wp-json\/wp\/v2\/pages\/20"}],"collection":[{"href":"https:\/\/montessori-integration-kiga.de\/index.php\/wp-json\/wp\/v2\/pages"}],"about":[{"href":"https:\/\/montessori-integration-kiga.de\/index.php\/wp-json\/wp\/v2\/types\/page"}],"author":[{"embeddable":true,"href":"https:\/\/montessori-integration-kiga.de\/index.php\/wp-json\/wp\/v2\/users\/1"}],"replies":[{"embeddable":true,"href":"https:\/\/montessori-integration-kiga.de\/index.php\/wp-json\/wp\/v2\/comments?post=20"}],"version-history":[{"count":71,"href":"https:\/\/montessori-integration-kiga.de\/index.php\/wp-json\/wp\/v2\/pages\/20\/revisions"}],"predecessor-version":[{"id":1094,"href":"https:\/\/montessori-integration-kiga.de\/index.php\/wp-json\/wp\/v2\/pages\/20\/revisions\/1094"}],"wp:featuredmedia":[{"embeddable":true,"href":"https:\/\/montessori-integration-kiga.de\/index.php\/wp-json\/wp\/v2\/media\/1050"}],"wp:attachment":[{"href":"https:\/\/montessori-integration-kiga.de\/index.php\/wp-json\/wp\/v2\/media?parent=20"}],"curies":[{"name":"wp","href":"https:\/\/api.w.org\/{rel}","templated":true}]}}