{"id":102,"date":"2017-09-30T16:24:22","date_gmt":"2017-09-30T16:24:22","guid":{"rendered":"http:\/\/104.155.73.216\/?page_id=102"},"modified":"2023-05-16T10:26:52","modified_gmt":"2023-05-16T08:26:52","slug":"padagogik","status":"publish","type":"page","link":"https:\/\/montessori-integration-kiga.de\/index.php\/padagogik\/","title":{"rendered":"P\u00e4dagogik"},"content":{"rendered":"<h4><strong>Maria Montessori Lebenslauf<\/strong><\/h4>\n<p>Maria Montessori wurde am 31.August 1870 in Chiaravalle, Italien, geboren. Sie wuchs in einer liberal religi\u00f6sen Kleinfamilie auf. Als eine der ersten Frauen Italiens studierte sie Medizin. Ihre erste Anstellung fand sie an einer psychiatrischen Klinik in Rom. Bei der Arbeit mit behinderten Kindern, begann sie konkretes Lernmaterial zu entwickeln. Aufgrund ihrer Beobachtungen kam sie zu der Erkenntnis, dass ihre \u201eEntwicklungs- Materialien\u201c den Forscherdrang aller Kinder aufgreift sowie deren individuelle\u00a0 Bed\u00fcrfnisse ber\u00fccksichtigt.<\/p>\n<p><strong>1907<\/strong> er\u00f6ffnete Maria Montessori das erste Kinderhaus \u201e<strong>casa dei bambini<\/strong>\u201c.<\/p>\n<p>Dies war der\u00a0 Beginn einer neuen beruflichen \u00c4ra. Maria Montessori konnte endlich die von ihr entwickelten Materialien allen Kindern zur Verf\u00fcgung stellen und sie aufgrund ihrer Beobachtungen erweitern oder leicht ver\u00e4ndern. In den folgenden Jahren beobachtete sie f\u00fcr ihre P\u00e4dagogik wegweisende entwicklungspsychologische Ph\u00e4nomene:<\/p>\n<ul>\n<li>\u201eder innere Bauplan\u201c<\/li>\n<li>\u201eder absorbierende Geist\u201c<\/li>\n<li>\u201edie sensible Phasen\u201c<\/li>\n<li>\u201edie Polarisation der Aufmerksamkeit\u201c.<\/li>\n<\/ul>\n<p>Anhand dieser Erkenntnisse entwickelte sie die \u201e<strong>Vorbereitete Umgebung<\/strong>\u201c:<\/p>\n<ul>\n<li>\u201edie \u00dcbungen des t\u00e4glichen Lebens\u201c<\/li>\n<li>\u201edas Sinnes- und Dimensionsmaterial\u201c<\/li>\n<li>\u201eSprache\u201c<\/li>\n<li>\u201eMathematik\u201c<\/li>\n<li>\u201eKosmische-, Friedens- und religi\u00f6se Erziehung\u201c Gleichzeitig definiert sie die Rolle der Erzieher*in neu, als Beobachter*in, Diener*in und Helfer*in.<\/li>\n<\/ul>\n<p>Maria Montessori starb am 6. Mai 1952\u00a0 in Noordwijk aan Zee.<\/p>\n<p><strong><br \/>\nP\u00e4dagogische Haltung:<\/strong><\/p>\n<p>Das ist uns wichtig:<\/p>\n<p>Bei uns steht das Kind mit all seinen Bed\u00fcrfnissen und Anlagen im Mittelpunkt. Alle Kinder, auch mit besonderem F\u00f6rderbedarf, sind uns willkommen.<\/p>\n<p>Die Basis unserer Arbeit\u00a0 ist die \u201eVorbereitete Umgebung\u201c, die\u00a0 p\u00e4dagogische Fachkraft und\u00a0 die Beobachtung. Diese Dreiheit gibt dem kindlichen Forschungs- und Entwicklungsdrang Raum und erm\u00f6glicht selbstbestimmtes Lernen. Das Kind bestimmt gem\u00e4\u00df\u00a0 seines \u201einneren Bauplans\u201c Inhalt und\u00a0 Tempo seines Lernprozesses.<\/p>\n<p><strong><img loading=\"lazy\" class=\"wp-image-923 aligncenter\" src=\"http:\/\/montessori-integration-kiga.de\/wp-content\/uploads\/2019\/11\/Dreiheit-274x300.png\" alt=\"\" width=\"332\" height=\"364\" srcset=\"https:\/\/montessori-integration-kiga.de\/wp-content\/uploads\/2019\/11\/Dreiheit-274x300.png 274w, https:\/\/montessori-integration-kiga.de\/wp-content\/uploads\/2019\/11\/Dreiheit-768x842.png 768w, https:\/\/montessori-integration-kiga.de\/wp-content\/uploads\/2019\/11\/Dreiheit-934x1024.png 934w, https:\/\/montessori-integration-kiga.de\/wp-content\/uploads\/2019\/11\/Dreiheit.png 951w\" sizes=\"(max-width: 332px) 100vw, 332px\" \/><\/strong><\/p>\n<p><strong>Unsere Ziele:<\/strong><\/p>\n<ul>\n<li>ganzheitliches Lernen erm\u00f6glichen<\/li>\n<li>christliche Grundwerte leben<\/li>\n<li>emotionale Kompetenzen entwickeln<\/li>\n<li>sich in Selbstst\u00e4ndigkeit \u00fcben<\/li>\n<li>Gemeinschaft erleben<\/li>\n<li>Kreativit\u00e4t anregen<\/li>\n<li>sensibel werden f\u00fcr \u201eNatur und Umwelt\u201c<\/li>\n<li>Sicherheit bieten<\/li>\n<\/ul>\n<p><strong><br \/>\nSo unterst\u00fctzen wir das Kind:<\/strong><\/p>\n<ul>\n<li>Wir stellen jedes Kind mit seinen Bed\u00fcrfnissen, die Welt zu entdecken, in den Mittelpunkt.<\/li>\n<li>Wir begegnen jedem Kind auf seinem eigenen Lernweg respektvoll und auf Augenh\u00f6he.<\/li>\n<li>Wir erm\u00f6glichen jedem Kind ganzheitliche Erfahrungen mit sich und der Umwelt.<\/li>\n<li>Wir schaffen f\u00fcr jedes Kind eine auf seine Bed\u00fcrfnisse abgestimmte \u201eVorbereitete Umgebung\u201c.<\/li>\n<li>Wir geben jedem Kind die M\u00f6glichkeit, sich gem\u00e4\u00df seines \u201eInneren Bauplans\u201c zu entfalten.<\/li>\n<li>Wir begleiten jedes Kind individuell darin, sich in Verantwortung zu \u00fcben.<\/li>\n<li>Wir unterst\u00fctzen jedes Kind auf seinem Weg in die Selbstst\u00e4ndigkeit.<\/li>\n<li>Wir regen jedes Kind an, selbst zu entscheiden:\u00a0 \u201emit wem m\u00f6chte ich wie lange arbeiten?\u201c<\/li>\n<li>Wir gestalten f\u00fcr jedes Kind eine liebevolle, offene und fr\u00f6hliche Atmosph\u00e4re.<\/li>\n<li>Wir begleiten jedes Kind, Beziehungen aufzubauen und zu pflegen.<\/li>\n<li>Wir bringen jedem Kind in seinem Tun Wertsch\u00e4tzung entgegen.<\/li>\n<li>Wir beobachten jedes Kind, um seine Interessen und Bed\u00fcrfnisse wahrzunehmen.<\/li>\n<li>Wir begegnen jedem Kind mit Achtsamkeit.<\/li>\n<\/ul>\n<p><strong><br \/>\n<\/strong><strong>Zusammenarbeit mit den Eltern:<\/strong><\/p>\n<p><strong>\u00a0<\/strong>\u201eEs braucht ein ganzes Dorf, um ein Kind gl\u00fccklich aufwachsen zu lassen\u201c\u00a0<strong>(Afrikanisches Sprichwort)<\/strong><\/p>\n<p>Zusammenarbeit mit Eltern findet unter anderem bei Elternseminaren statt. Hier findet zwischen Eltern und p\u00e4dagogischen Fachkr\u00e4ften ein reger Austausch statt, bei denen weitere p\u00e4dagogische Vorgehensweisen besprochen werden k\u00f6nnen. Da der Prozess der Inklusion ein wichtiger Bestandteil unserer Arbeit ist, kann dies immer wieder als Thematik mit einflie\u00dfen.<\/p>\n<p>Des Weiteren gestalten wir unsere Arbeit transparent in Form von:<\/p>\n<ul>\n<li>Elternabenden<\/li>\n<li>T\u00fcr-und Angelgespr\u00e4chen<\/li>\n<li>Entwicklungsgespr\u00e4chen<\/li>\n<li>Gelegenheit f\u00fcr Hospitationen<\/li>\n<li>Elternumfragen<\/li>\n<li>W\u00f6chentliche Dokumentationen<\/li>\n<li>Eltern- Kind Nachmittagen<\/li>\n<\/ul>\n<p>Viele Dinge sind ohne Ihre Mitarbeit nicht m\u00f6glich. Wir laden Sie dazu ein, sich mit Ihren F\u00e4higkeiten und Ressourcen einzubringen.<\/p>\n<p><img loading=\"lazy\" class=\"wp-image-1062 aligncenter\" src=\"http:\/\/montessori-integration-kiga.de\/wp-content\/uploads\/2021\/01\/P1120155b-200x300.jpg\" alt=\"\" width=\"397\" height=\"596\" srcset=\"https:\/\/montessori-integration-kiga.de\/wp-content\/uploads\/2021\/01\/P1120155b-200x300.jpg 200w, https:\/\/montessori-integration-kiga.de\/wp-content\/uploads\/2021\/01\/P1120155b-683x1024.jpg 683w, https:\/\/montessori-integration-kiga.de\/wp-content\/uploads\/2021\/01\/P1120155b-768x1152.jpg 768w, https:\/\/montessori-integration-kiga.de\/wp-content\/uploads\/2021\/01\/P1120155b-1024x1536.jpg 1024w, https:\/\/montessori-integration-kiga.de\/wp-content\/uploads\/2021\/01\/P1120155b-1365x2048.jpg 1365w, https:\/\/montessori-integration-kiga.de\/wp-content\/uploads\/2021\/01\/P1120155b-scaled.jpg 1707w\" sizes=\"(max-width: 397px) 100vw, 397px\" \/><\/p>\n","protected":false},"excerpt":{"rendered":"<p>Maria Montessori Lebenslauf Maria Montessori wurde am 31.August 1870 in Chiaravalle, Italien, geboren. Sie wuchs in einer liberal religi\u00f6sen Kleinfamilie auf. Als eine der ersten Frauen Italiens studierte sie Medizin. Ihre erste Anstellung fand sie an einer psychiatrischen Klinik in Rom. Bei der Arbeit mit behinderten Kindern, begann sie konkretes Lernmaterial zu entwickeln. Aufgrund ihrer &hellip; <\/p>\n<p class=\"link-more\"><a href=\"https:\/\/montessori-integration-kiga.de\/index.php\/padagogik\/\" class=\"more-link\"><span class=\"screen-reader-text\">\u201eP\u00e4dagogik\u201c<\/span> weiterlesen<\/a><\/p>\n","protected":false},"author":1,"featured_media":1052,"parent":0,"menu_order":0,"comment_status":"closed","ping_status":"closed","template":"","meta":[],"aioseo_notices":[],"yoast_head":"<!-- This site is optimized with the Yoast SEO plugin v19.11 - https:\/\/yoast.com\/wordpress\/plugins\/seo\/ -->\n<title>P\u00e4dagogik - Wiehremer Montessori Kindergarten<\/title>\n<meta name=\"robots\" content=\"index, follow, max-snippet:-1, max-image-preview:large, max-video-preview:-1\" \/>\n<link rel=\"canonical\" href=\"https:\/\/montessori-integration-kiga.de\/index.php\/padagogik\/\" \/>\n<meta property=\"og:locale\" content=\"de_DE\" \/>\n<meta property=\"og:type\" content=\"article\" \/>\n<meta property=\"og:title\" content=\"P\u00e4dagogik - Wiehremer Montessori Kindergarten\" \/>\n<meta property=\"og:description\" content=\"Maria Montessori Lebenslauf Maria Montessori wurde am 31.August 1870 in Chiaravalle, Italien, geboren. Sie wuchs in einer liberal religi\u00f6sen Kleinfamilie auf. Als eine der ersten Frauen Italiens studierte sie Medizin. Ihre erste Anstellung fand sie an einer psychiatrischen Klinik in Rom. Bei der Arbeit mit behinderten Kindern, begann sie konkretes Lernmaterial zu entwickeln. Aufgrund ihrer &hellip; \u201eP\u00e4dagogik\u201c weiterlesen\" \/>\n<meta property=\"og:url\" content=\"https:\/\/montessori-integration-kiga.de\/index.php\/padagogik\/\" \/>\n<meta property=\"og:site_name\" content=\"Wiehremer Montessori Kindergarten\" \/>\n<meta property=\"article:modified_time\" content=\"2023-05-16T08:26:52+00:00\" \/>\n<meta property=\"og:image\" content=\"https:\/\/montessori-integration-kiga.de\/wp-content\/uploads\/2021\/01\/P1120089b-scaled.jpg\" \/>\n\t<meta property=\"og:image:width\" content=\"2560\" \/>\n\t<meta property=\"og:image:height\" content=\"1706\" \/>\n\t<meta property=\"og:image:type\" content=\"image\/jpeg\" \/>\n<meta name=\"twitter:card\" content=\"summary_large_image\" \/>\n<meta name=\"twitter:label1\" content=\"Gesch\u00e4tzte Lesezeit\" \/>\n\t<meta name=\"twitter:data1\" content=\"4\u00a0Minuten\" \/>\n<script type=\"application\/ld+json\" class=\"yoast-schema-graph\">{\"@context\":\"https:\/\/schema.org\",\"@graph\":[{\"@type\":\"WebPage\",\"@id\":\"https:\/\/montessori-integration-kiga.de\/index.php\/padagogik\/\",\"url\":\"https:\/\/montessori-integration-kiga.de\/index.php\/padagogik\/\",\"name\":\"P\u00e4dagogik - Wiehremer Montessori Kindergarten\",\"isPartOf\":{\"@id\":\"https:\/\/montessori-integration-kiga.de\/#website\"},\"datePublished\":\"2017-09-30T16:24:22+00:00\",\"dateModified\":\"2023-05-16T08:26:52+00:00\",\"breadcrumb\":{\"@id\":\"https:\/\/montessori-integration-kiga.de\/index.php\/padagogik\/#breadcrumb\"},\"inLanguage\":\"de\",\"potentialAction\":[{\"@type\":\"ReadAction\",\"target\":[\"https:\/\/montessori-integration-kiga.de\/index.php\/padagogik\/\"]}]},{\"@type\":\"BreadcrumbList\",\"@id\":\"https:\/\/montessori-integration-kiga.de\/index.php\/padagogik\/#breadcrumb\",\"itemListElement\":[{\"@type\":\"ListItem\",\"position\":1,\"name\":\"Startseite\",\"item\":\"https:\/\/montessori-integration-kiga.de\/\"},{\"@type\":\"ListItem\",\"position\":2,\"name\":\"P\u00e4dagogik\"}]},{\"@type\":\"WebSite\",\"@id\":\"https:\/\/montessori-integration-kiga.de\/#website\",\"url\":\"https:\/\/montessori-integration-kiga.de\/\",\"name\":\"Wiehremer Montessori Kindergarten\",\"description\":\"Beethovenstrasse 8, 79100 Freiburg im Breisgau\",\"potentialAction\":[{\"@type\":\"SearchAction\",\"target\":{\"@type\":\"EntryPoint\",\"urlTemplate\":\"https:\/\/montessori-integration-kiga.de\/?s={search_term_string}\"},\"query-input\":\"required name=search_term_string\"}],\"inLanguage\":\"de\"}]}<\/script>\n<!-- \/ Yoast SEO plugin. -->","yoast_head_json":{"title":"P\u00e4dagogik - Wiehremer Montessori Kindergarten","robots":{"index":"index","follow":"follow","max-snippet":"max-snippet:-1","max-image-preview":"max-image-preview:large","max-video-preview":"max-video-preview:-1"},"canonical":"https:\/\/montessori-integration-kiga.de\/index.php\/padagogik\/","og_locale":"de_DE","og_type":"article","og_title":"P\u00e4dagogik - Wiehremer Montessori Kindergarten","og_description":"Maria Montessori Lebenslauf Maria Montessori wurde am 31.August 1870 in Chiaravalle, Italien, geboren. Sie wuchs in einer liberal religi\u00f6sen Kleinfamilie auf. Als eine der ersten Frauen Italiens studierte sie Medizin. Ihre erste Anstellung fand sie an einer psychiatrischen Klinik in Rom. Bei der Arbeit mit behinderten Kindern, begann sie konkretes Lernmaterial zu entwickeln. Aufgrund ihrer &hellip; \u201eP\u00e4dagogik\u201c weiterlesen","og_url":"https:\/\/montessori-integration-kiga.de\/index.php\/padagogik\/","og_site_name":"Wiehremer Montessori Kindergarten","article_modified_time":"2023-05-16T08:26:52+00:00","og_image":[{"width":2560,"height":1706,"url":"https:\/\/montessori-integration-kiga.de\/wp-content\/uploads\/2021\/01\/P1120089b-scaled.jpg","type":"image\/jpeg"}],"twitter_card":"summary_large_image","twitter_misc":{"Gesch\u00e4tzte Lesezeit":"4\u00a0Minuten"},"schema":{"@context":"https:\/\/schema.org","@graph":[{"@type":"WebPage","@id":"https:\/\/montessori-integration-kiga.de\/index.php\/padagogik\/","url":"https:\/\/montessori-integration-kiga.de\/index.php\/padagogik\/","name":"P\u00e4dagogik - Wiehremer Montessori Kindergarten","isPartOf":{"@id":"https:\/\/montessori-integration-kiga.de\/#website"},"datePublished":"2017-09-30T16:24:22+00:00","dateModified":"2023-05-16T08:26:52+00:00","breadcrumb":{"@id":"https:\/\/montessori-integration-kiga.de\/index.php\/padagogik\/#breadcrumb"},"inLanguage":"de","potentialAction":[{"@type":"ReadAction","target":["https:\/\/montessori-integration-kiga.de\/index.php\/padagogik\/"]}]},{"@type":"BreadcrumbList","@id":"https:\/\/montessori-integration-kiga.de\/index.php\/padagogik\/#breadcrumb","itemListElement":[{"@type":"ListItem","position":1,"name":"Startseite","item":"https:\/\/montessori-integration-kiga.de\/"},{"@type":"ListItem","position":2,"name":"P\u00e4dagogik"}]},{"@type":"WebSite","@id":"https:\/\/montessori-integration-kiga.de\/#website","url":"https:\/\/montessori-integration-kiga.de\/","name":"Wiehremer Montessori Kindergarten","description":"Beethovenstrasse 8, 79100 Freiburg im Breisgau","potentialAction":[{"@type":"SearchAction","target":{"@type":"EntryPoint","urlTemplate":"https:\/\/montessori-integration-kiga.de\/?s={search_term_string}"},"query-input":"required name=search_term_string"}],"inLanguage":"de"}]}},"_links":{"self":[{"href":"https:\/\/montessori-integration-kiga.de\/index.php\/wp-json\/wp\/v2\/pages\/102"}],"collection":[{"href":"https:\/\/montessori-integration-kiga.de\/index.php\/wp-json\/wp\/v2\/pages"}],"about":[{"href":"https:\/\/montessori-integration-kiga.de\/index.php\/wp-json\/wp\/v2\/types\/page"}],"author":[{"embeddable":true,"href":"https:\/\/montessori-integration-kiga.de\/index.php\/wp-json\/wp\/v2\/users\/1"}],"replies":[{"embeddable":true,"href":"https:\/\/montessori-integration-kiga.de\/index.php\/wp-json\/wp\/v2\/comments?post=102"}],"version-history":[{"count":52,"href":"https:\/\/montessori-integration-kiga.de\/index.php\/wp-json\/wp\/v2\/pages\/102\/revisions"}],"predecessor-version":[{"id":1317,"href":"https:\/\/montessori-integration-kiga.de\/index.php\/wp-json\/wp\/v2\/pages\/102\/revisions\/1317"}],"wp:featuredmedia":[{"embeddable":true,"href":"https:\/\/montessori-integration-kiga.de\/index.php\/wp-json\/wp\/v2\/media\/1052"}],"wp:attachment":[{"href":"https:\/\/montessori-integration-kiga.de\/index.php\/wp-json\/wp\/v2\/media?parent=102"}],"curies":[{"name":"wp","href":"https:\/\/api.w.org\/{rel}","templated":true}]}}